{"id":3039,"date":"2015-08-24T10:17:54","date_gmt":"2015-08-24T10:17:54","guid":{"rendered":"https:\/\/mortecsystem.com\/mortec-system-tehnologije-za-minomete\/"},"modified":"2025-12-01T09:22:53","modified_gmt":"2025-12-01T09:22:53","slug":"mortec-system-tehnologije-za-minomete","status":"publish","type":"page","link":"https:\/\/mortecsystem.com\/sl\/","title":{"rendered":"MORTEC SYSTEM &#8211; Tehnologije za minomete"},"content":{"rendered":"","protected":false},"excerpt":{"rendered":"","protected":false},"author":1,"featured_media":0,"parent":0,"menu_order":0,"comment_status":"open","ping_status":"open","template":"","meta":{"iawp_total_views":7,"footnotes":""},"class_list":["post-3039","page","type-page","status-publish","hentry"],"yoast_head":"<!-- This site is optimized with the Yoast SEO plugin v26.8 - https:\/\/yoast.com\/product\/yoast-seo-wordpress\/ -->\n<title>MORTEC SYSTEM - stroji za suho malto in omete | Proizvajalec iz Ju\u017ene Tirolske<\/title>\n<meta name=\"description\" content=\"Mortec System je \u017ee ve\u010d kot 30 let proizvajalec inovativnih strojev za suho malto, omete in lepila. Najvi\u0161ja kakovost, svetovanje po meri, dodatna oprema, rezervni deli, rabljeni stroji in drugo - neposredno z Ju\u017ene Tirolske.\" \/>\n<meta name=\"robots\" content=\"index, follow, max-snippet:-1, max-image-preview:large, max-video-preview:-1\" \/>\n<link rel=\"canonical\" href=\"https:\/\/mortecsystem.com\/sl\/\" \/>\n<meta property=\"og:locale\" content=\"sl_SI\" \/>\n<meta property=\"og:type\" content=\"article\" \/>\n<meta property=\"og:title\" content=\"MORTEC SYSTEM - stroji za suho malto in omete | Proizvajalec iz Ju\u017ene Tirolske\" \/>\n<meta property=\"og:description\" content=\"Mortec System je \u017ee ve\u010d kot 30 let proizvajalec inovativnih strojev za suho malto, omete in lepila. Najvi\u0161ja kakovost, svetovanje po meri, dodatna oprema, rezervni deli, rabljeni stroji in drugo - neposredno z Ju\u017ene Tirolske.\" \/>\n<meta property=\"og:url\" content=\"https:\/\/mortecsystem.com\/sl\/\" \/>\n<meta property=\"og:site_name\" content=\"MORTEC SYSTEM\" \/>\n<meta property=\"article:modified_time\" content=\"2025-12-01T09:22:53+00:00\" \/>\n<meta name=\"twitter:card\" content=\"summary_large_image\" \/>\n<script type=\"application\/ld+json\" class=\"yoast-schema-graph\">{\"@context\":\"https:\/\/schema.org\",\"@graph\":[{\"@type\":\"WebPage\",\"@id\":\"https:\/\/mortecsystem.com\/sl\/\",\"url\":\"https:\/\/mortecsystem.com\/sl\/\",\"name\":\"MORTEC SYSTEM - stroji za suho malto in omete | Proizvajalec iz Ju\u017ene Tirolske\",\"isPartOf\":{\"@id\":\"https:\/\/mortecsystem.com\/sl\/#website\"},\"datePublished\":\"2015-08-24T10:17:54+00:00\",\"dateModified\":\"2025-12-01T09:22:53+00:00\",\"description\":\"Mortec System je \u017ee ve\u010d kot 30 let proizvajalec inovativnih strojev za suho malto, omete in lepila. Najvi\u0161ja kakovost, svetovanje po meri, dodatna oprema, rezervni deli, rabljeni stroji in drugo - neposredno z Ju\u017ene Tirolske.\",\"breadcrumb\":{\"@id\":\"https:\/\/mortecsystem.com\/sl\/#breadcrumb\"},\"inLanguage\":\"sl-SI\",\"potentialAction\":[{\"@type\":\"ReadAction\",\"target\":[\"https:\/\/mortecsystem.com\/sl\/\"]}]},{\"@type\":\"BreadcrumbList\",\"@id\":\"https:\/\/mortecsystem.com\/sl\/#breadcrumb\",\"itemListElement\":[{\"@type\":\"ListItem\",\"position\":1,\"name\":\"Startseite\",\"item\":\"https:\/\/mortecsystem.com\/sl\/mortec-system-tehnologije-za-minomete\/\"},{\"@type\":\"ListItem\",\"position\":2,\"name\":\"MORTEC SYSTEM &#8211; Tehnologije za minomete\"}]},{\"@type\":\"WebSite\",\"@id\":\"https:\/\/mortecsystem.com\/sl\/#website\",\"url\":\"https:\/\/mortecsystem.com\/sl\/\",\"name\":\"MORTEC SYSTEM\",\"description\":\"Technologies for Mortars.\",\"publisher\":{\"@id\":\"https:\/\/mortecsystem.com\/sl\/#organization\"},\"potentialAction\":[{\"@type\":\"SearchAction\",\"target\":{\"@type\":\"EntryPoint\",\"urlTemplate\":\"https:\/\/mortecsystem.com\/sl\/?s={search_term_string}\"},\"query-input\":{\"@type\":\"PropertyValueSpecification\",\"valueRequired\":true,\"valueName\":\"search_term_string\"}}],\"inLanguage\":\"sl-SI\"},{\"@type\":\"Organization\",\"@id\":\"https:\/\/mortecsystem.com\/sl\/#organization\",\"name\":\"MORTEC SYSTEM\",\"url\":\"https:\/\/mortecsystem.com\/sl\/\",\"logo\":{\"@type\":\"ImageObject\",\"inLanguage\":\"sl-SI\",\"@id\":\"https:\/\/mortecsystem.com\/sl\/#\/schema\/logo\/image\/\",\"url\":\"http:\/\/mortecsystem.com\/wp-content\/uploads\/2025\/09\/Mortec-System-Logo-mit-Schrift-retina.png\",\"contentUrl\":\"http:\/\/mortecsystem.com\/wp-content\/uploads\/2025\/09\/Mortec-System-Logo-mit-Schrift-retina.png\",\"width\":839,\"height\":160,\"caption\":\"MORTEC SYSTEM\"},\"image\":{\"@id\":\"https:\/\/mortecsystem.com\/sl\/#\/schema\/logo\/image\/\"}}]}<\/script>\n<!-- \/ Yoast SEO plugin. -->","yoast_head_json":{"title":"MORTEC SYSTEM - stroji za suho malto in omete | Proizvajalec iz Ju\u017ene Tirolske","description":"Mortec System je \u017ee ve\u010d kot 30 let proizvajalec inovativnih strojev za suho malto, omete in lepila. Najvi\u0161ja kakovost, svetovanje po meri, dodatna oprema, rezervni deli, rabljeni stroji in drugo - neposredno z Ju\u017ene Tirolske.","robots":{"index":"index","follow":"follow","max-snippet":"max-snippet:-1","max-image-preview":"max-image-preview:large","max-video-preview":"max-video-preview:-1"},"canonical":"https:\/\/mortecsystem.com\/sl\/","og_locale":"sl_SI","og_type":"article","og_title":"MORTEC SYSTEM - stroji za suho malto in omete | Proizvajalec iz Ju\u017ene Tirolske","og_description":"Mortec System je \u017ee ve\u010d kot 30 let proizvajalec inovativnih strojev za suho malto, omete in lepila. Najvi\u0161ja kakovost, svetovanje po meri, dodatna oprema, rezervni deli, rabljeni stroji in drugo - neposredno z Ju\u017ene Tirolske.","og_url":"https:\/\/mortecsystem.com\/sl\/","og_site_name":"MORTEC SYSTEM","article_modified_time":"2025-12-01T09:22:53+00:00","twitter_card":"summary_large_image","schema":{"@context":"https:\/\/schema.org","@graph":[{"@type":"WebPage","@id":"https:\/\/mortecsystem.com\/sl\/","url":"https:\/\/mortecsystem.com\/sl\/","name":"MORTEC SYSTEM - stroji za suho malto in omete | Proizvajalec iz Ju\u017ene Tirolske","isPartOf":{"@id":"https:\/\/mortecsystem.com\/sl\/#website"},"datePublished":"2015-08-24T10:17:54+00:00","dateModified":"2025-12-01T09:22:53+00:00","description":"Mortec System je \u017ee ve\u010d kot 30 let proizvajalec inovativnih strojev za suho malto, omete in lepila. Najvi\u0161ja kakovost, svetovanje po meri, dodatna oprema, rezervni deli, rabljeni stroji in drugo - neposredno z Ju\u017ene Tirolske.","breadcrumb":{"@id":"https:\/\/mortecsystem.com\/sl\/#breadcrumb"},"inLanguage":"sl-SI","potentialAction":[{"@type":"ReadAction","target":["https:\/\/mortecsystem.com\/sl\/"]}]},{"@type":"BreadcrumbList","@id":"https:\/\/mortecsystem.com\/sl\/#breadcrumb","itemListElement":[{"@type":"ListItem","position":1,"name":"Startseite","item":"https:\/\/mortecsystem.com\/sl\/mortec-system-tehnologije-za-minomete\/"},{"@type":"ListItem","position":2,"name":"MORTEC SYSTEM &#8211; Tehnologije za minomete"}]},{"@type":"WebSite","@id":"https:\/\/mortecsystem.com\/sl\/#website","url":"https:\/\/mortecsystem.com\/sl\/","name":"MORTEC SYSTEM","description":"Technologies for Mortars.","publisher":{"@id":"https:\/\/mortecsystem.com\/sl\/#organization"},"potentialAction":[{"@type":"SearchAction","target":{"@type":"EntryPoint","urlTemplate":"https:\/\/mortecsystem.com\/sl\/?s={search_term_string}"},"query-input":{"@type":"PropertyValueSpecification","valueRequired":true,"valueName":"search_term_string"}}],"inLanguage":"sl-SI"},{"@type":"Organization","@id":"https:\/\/mortecsystem.com\/sl\/#organization","name":"MORTEC SYSTEM","url":"https:\/\/mortecsystem.com\/sl\/","logo":{"@type":"ImageObject","inLanguage":"sl-SI","@id":"https:\/\/mortecsystem.com\/sl\/#\/schema\/logo\/image\/","url":"http:\/\/mortecsystem.com\/wp-content\/uploads\/2025\/09\/Mortec-System-Logo-mit-Schrift-retina.png","contentUrl":"http:\/\/mortecsystem.com\/wp-content\/uploads\/2025\/09\/Mortec-System-Logo-mit-Schrift-retina.png","width":839,"height":160,"caption":"MORTEC SYSTEM"},"image":{"@id":"https:\/\/mortecsystem.com\/sl\/#\/schema\/logo\/image\/"}}]}},"_links":{"self":[{"href":"https:\/\/mortecsystem.com\/sl\/wp-json\/wp\/v2\/pages\/3039","targetHints":{"allow":["GET"]}}],"collection":[{"href":"https:\/\/mortecsystem.com\/sl\/wp-json\/wp\/v2\/pages"}],"about":[{"href":"https:\/\/mortecsystem.com\/sl\/wp-json\/wp\/v2\/types\/page"}],"author":[{"embeddable":true,"href":"https:\/\/mortecsystem.com\/sl\/wp-json\/wp\/v2\/users\/1"}],"replies":[{"embeddable":true,"href":"https:\/\/mortecsystem.com\/sl\/wp-json\/wp\/v2\/comments?post=3039"}],"version-history":[{"count":1,"href":"https:\/\/mortecsystem.com\/sl\/wp-json\/wp\/v2\/pages\/3039\/revisions"}],"predecessor-version":[{"id":3167,"href":"https:\/\/mortecsystem.com\/sl\/wp-json\/wp\/v2\/pages\/3039\/revisions\/3167"}],"wp:attachment":[{"href":"https:\/\/mortecsystem.com\/sl\/wp-json\/wp\/v2\/media?parent=3039"}],"curies":[{"name":"wp","href":"https:\/\/api.w.org\/{rel}","templated":true}]}}